{"id":10,"date":"2023-11-21T20:34:20","date_gmt":"2023-11-21T23:34:20","guid":{"rendered":"https:\/\/malufbarella.com.br\/?page_id=10"},"modified":"2023-11-22T09:02:29","modified_gmt":"2023-11-22T12:02:29","slug":"pagina-inicial","status":"publish","type":"page","link":"https:\/\/malufbarella.com.br\/","title":{"rendered":"Dr. Maur\u00edcio Maluf Barella  OAB: 180609\/SP"},"content":{"rendered":"\n<p>C\u00edvel &#8211; Tribut\u00e1rio  &#8211; Direito de Fam\u00edlia<\/p>\n\n\n\n<p><\/p>\n\n\n\n<blockquote class=\"wp-block-quote is-layout-flow wp-block-quote-is-layout-flow\">\n<h2 class=\"wp-block-heading\"><\/h2>\n<\/blockquote>\n\n\n\n<p><\/p>\n\n\n\n<p><strong>TELEFONE<\/strong><br>( 11 ) 3107-0062<\/p>\n\n\n\n<p><\/p>\n","protected":false},"excerpt":{"rendered":"<p>C\u00edvel &#8211; Tribut\u00e1rio &#8211; Direito de Fam\u00edlia TELEFONE( 11 ) 3107-0062<\/p>\n","protected":false},"author":1,"featured_media":0,"parent":0,"menu_order":0,"comment_status":"closed","ping_status":"closed","template":"","meta":{"footnotes":""},"class_list":["post-10","page","type-page","status-publish","hentry"],"_links":{"self":[{"href":"https:\/\/malufbarella.com.br\/index.php?rest_route=\/wp\/v2\/pages\/10","targetHints":{"allow":["GET"]}}],"collection":[{"href":"https:\/\/malufbarella.com.br\/index.php?rest_route=\/wp\/v2\/pages"}],"about":[{"href":"https:\/\/malufbarella.com.br\/index.php?rest_route=\/wp\/v2\/types\/page"}],"author":[{"embeddable":true,"href":"https:\/\/malufbarella.com.br\/index.php?rest_route=\/wp\/v2\/users\/1"}],"replies":[{"embeddable":true,"href":"https:\/\/malufbarella.com.br\/index.php?rest_route=%2Fwp%2Fv2%2Fcomments&post=10"}],"version-history":[{"count":11,"href":"https:\/\/malufbarella.com.br\/index.php?rest_route=\/wp\/v2\/pages\/10\/revisions"}],"predecessor-version":[{"id":67,"href":"https:\/\/malufbarella.com.br\/index.php?rest_route=\/wp\/v2\/pages\/10\/revisions\/67"}],"wp:attachment":[{"href":"https:\/\/malufbarella.com.br\/index.php?rest_route=%2Fwp%2Fv2%2Fmedia&parent=10"}],"curies":[{"name":"wp","href":"https:\/\/api.w.org\/{rel}","templated":true}]}}